{"id":15677,"date":"2024-01-03T08:12:45","date_gmt":"2024-01-03T07:12:45","guid":{"rendered":"https:\/\/test.psh.eu\/besteltijden-en-verzendmethodes\/"},"modified":"2024-03-20T15:14:09","modified_gmt":"2024-03-20T14:14:09","slug":"besteltijden-en-verzendmethodes","status":"publish","type":"page","link":"https:\/\/test.psh.eu\/fr\/besteltijden-en-verzendmethodes\/","title":{"rendered":"D\u00e9lais de commande et m\u00e9thodes d&rsquo;exp\u00e9dition"},"content":{"rendered":"","protected":false},"excerpt":{"rendered":"","protected":false},"author":2791,"featured_media":0,"parent":0,"menu_order":114,"comment_status":"closed","ping_status":"closed","template":"","meta":{"_acf_changed":false,"footnotes":""},"class_list":["post-15677","page","type-page","status-publish","hentry"],"acf":[],"yoast_head":"<!-- This site is optimized with the Yoast SEO plugin v27.1.1 - https:\/\/yoast.com\/product\/yoast-seo-wordpress\/ -->\n<title>D\u00e9lais de commande et m\u00e9thodes d&#039;exp\u00e9dition - Pos Service Holland BV<\/title>\n<meta name=\"robots\" content=\"noindex, follow, max-snippet:-1, max-image-preview:large, max-video-preview:-1\" \/>\n<meta property=\"og:locale\" content=\"fr_FR\" \/>\n<meta property=\"og:type\" content=\"article\" \/>\n<meta property=\"og:title\" content=\"D\u00e9lais de commande et m\u00e9thodes d&#039;exp\u00e9dition - Pos Service Holland BV\" \/>\n<meta property=\"og:url\" content=\"https:\/\/test.psh.eu\/fr\/besteltijden-en-verzendmethodes\/\" \/>\n<meta property=\"og:site_name\" content=\"Pos Service Holland BV\" \/>\n<meta property=\"article:modified_time\" content=\"2024-03-20T14:14:09+00:00\" \/>\n<meta name=\"twitter:card\" content=\"summary_large_image\" \/>\n<meta name=\"twitter:label1\" content=\"Est. reading time\" \/>\n\t<meta name=\"twitter:data1\" content=\"2 minutes\" \/>\n<script type=\"application\/ld+json\" class=\"yoast-schema-graph\">{\"@context\":\"https:\/\/schema.org\",\"@graph\":[{\"@type\":\"WebPage\",\"@id\":\"https:\/\/test.psh.eu\/fr\/besteltijden-en-verzendmethodes\/\",\"url\":\"https:\/\/test.psh.eu\/fr\/besteltijden-en-verzendmethodes\/\",\"name\":\"D\u00e9lais de commande et m\u00e9thodes d'exp\u00e9dition - Pos Service Holland BV\",\"isPartOf\":{\"@id\":\"https:\/\/test.psh.eu\/fr\/#website\"},\"datePublished\":\"2024-01-03T07:12:45+00:00\",\"dateModified\":\"2024-03-20T14:14:09+00:00\",\"breadcrumb\":{\"@id\":\"https:\/\/test.psh.eu\/fr\/besteltijden-en-verzendmethodes\/#breadcrumb\"},\"inLanguage\":\"fr-FR\",\"potentialAction\":[{\"@type\":\"ReadAction\",\"target\":[\"https:\/\/test.psh.eu\/fr\/besteltijden-en-verzendmethodes\/\"]}]},{\"@type\":\"BreadcrumbList\",\"@id\":\"https:\/\/test.psh.eu\/fr\/besteltijden-en-verzendmethodes\/#breadcrumb\",\"itemListElement\":[{\"@type\":\"ListItem\",\"position\":1,\"name\":\"Home\",\"item\":\"https:\/\/test.psh.eu\/fr\/\"},{\"@type\":\"ListItem\",\"position\":2,\"name\":\"D\u00e9lais de commande et m\u00e9thodes d&rsquo;exp\u00e9dition\"}]},{\"@type\":\"WebSite\",\"@id\":\"https:\/\/test.psh.eu\/fr\/#website\",\"url\":\"https:\/\/test.psh.eu\/fr\/\",\"name\":\"Pos Service Holland BV\",\"description\":\"\",\"potentialAction\":[{\"@type\":\"SearchAction\",\"target\":{\"@type\":\"EntryPoint\",\"urlTemplate\":\"https:\/\/test.psh.eu\/fr\/?s={search_term_string}\"},\"query-input\":{\"@type\":\"PropertyValueSpecification\",\"valueRequired\":true,\"valueName\":\"search_term_string\"}}],\"inLanguage\":\"fr-FR\"}]}<\/script>\n<!-- \/ Yoast SEO plugin. -->","yoast_head_json":{"title":"D\u00e9lais de commande et m\u00e9thodes d'exp\u00e9dition - Pos Service Holland BV","robots":{"index":"noindex","follow":"follow","max-snippet":"max-snippet:-1","max-image-preview":"max-image-preview:large","max-video-preview":"max-video-preview:-1"},"og_locale":"fr_FR","og_type":"article","og_title":"D\u00e9lais de commande et m\u00e9thodes d'exp\u00e9dition - Pos Service Holland BV","og_url":"https:\/\/test.psh.eu\/fr\/besteltijden-en-verzendmethodes\/","og_site_name":"Pos Service Holland BV","article_modified_time":"2024-03-20T14:14:09+00:00","twitter_card":"summary_large_image","twitter_misc":{"Est. reading time":"2 minutes"},"schema":{"@context":"https:\/\/schema.org","@graph":[{"@type":"WebPage","@id":"https:\/\/test.psh.eu\/fr\/besteltijden-en-verzendmethodes\/","url":"https:\/\/test.psh.eu\/fr\/besteltijden-en-verzendmethodes\/","name":"D\u00e9lais de commande et m\u00e9thodes d'exp\u00e9dition - Pos Service Holland BV","isPartOf":{"@id":"https:\/\/test.psh.eu\/fr\/#website"},"datePublished":"2024-01-03T07:12:45+00:00","dateModified":"2024-03-20T14:14:09+00:00","breadcrumb":{"@id":"https:\/\/test.psh.eu\/fr\/besteltijden-en-verzendmethodes\/#breadcrumb"},"inLanguage":"fr-FR","potentialAction":[{"@type":"ReadAction","target":["https:\/\/test.psh.eu\/fr\/besteltijden-en-verzendmethodes\/"]}]},{"@type":"BreadcrumbList","@id":"https:\/\/test.psh.eu\/fr\/besteltijden-en-verzendmethodes\/#breadcrumb","itemListElement":[{"@type":"ListItem","position":1,"name":"Home","item":"https:\/\/test.psh.eu\/fr\/"},{"@type":"ListItem","position":2,"name":"D\u00e9lais de commande et m\u00e9thodes d&rsquo;exp\u00e9dition"}]},{"@type":"WebSite","@id":"https:\/\/test.psh.eu\/fr\/#website","url":"https:\/\/test.psh.eu\/fr\/","name":"Pos Service Holland BV","description":"","potentialAction":[{"@type":"SearchAction","target":{"@type":"EntryPoint","urlTemplate":"https:\/\/test.psh.eu\/fr\/?s={search_term_string}"},"query-input":{"@type":"PropertyValueSpecification","valueRequired":true,"valueName":"search_term_string"}}],"inLanguage":"fr-FR"}]}},"_links":{"self":[{"href":"https:\/\/test.psh.eu\/fr\/wp-json\/wp\/v2\/pages\/15677","targetHints":{"allow":["GET"]}}],"collection":[{"href":"https:\/\/test.psh.eu\/fr\/wp-json\/wp\/v2\/pages"}],"about":[{"href":"https:\/\/test.psh.eu\/fr\/wp-json\/wp\/v2\/types\/page"}],"author":[{"embeddable":true,"href":"https:\/\/test.psh.eu\/fr\/wp-json\/wp\/v2\/users\/2791"}],"replies":[{"embeddable":true,"href":"https:\/\/test.psh.eu\/fr\/wp-json\/wp\/v2\/comments?post=15677"}],"version-history":[{"count":4,"href":"https:\/\/test.psh.eu\/fr\/wp-json\/wp\/v2\/pages\/15677\/revisions"}],"predecessor-version":[{"id":25645,"href":"https:\/\/test.psh.eu\/fr\/wp-json\/wp\/v2\/pages\/15677\/revisions\/25645"}],"wp:attachment":[{"href":"https:\/\/test.psh.eu\/fr\/wp-json\/wp\/v2\/media?parent=15677"}],"curies":[{"name":"wp","href":"https:\/\/api.w.org\/{rel}","templated":true}]}}